{"id":19369,"date":"2025-12-29T08:23:09","date_gmt":"2025-12-29T07:23:09","guid":{"rendered":"https:\/\/duendestore.com\/?post_type=product&#038;p=19369"},"modified":"2026-03-24T15:36:25","modified_gmt":"2026-03-24T14:36:25","slug":"lyra-pants-clay","status":"publish","type":"product","link":"https:\/\/duendestore.com\/en\/produkt\/lyra-pants-clay\/","title":{"rendered":"Lyra Pants Clay"},"content":{"rendered":"<p>D\u0142ugie, rozszerzane spodnie, kt\u00f3re pasuj\u0105 na niemal ka\u017cd\u0105 sylwetk\u0119.<\/p>\n","protected":false},"excerpt":{"rendered":"<table>\n<tbody>\n<tr>\n<td><\/td>\n<td><b>A- Obw\u00f3d Talii<\/b><\/td>\n<td><b>B- Obw\u00f3d Bioder<\/b><\/td>\n<td><b>C- D\u0142ugo\u015b\u0107 ca\u0142kowita<\/b><\/td>\n<\/tr>\n<tr>\n<td width=\"50\"><b>XS<\/b><\/td>\n<td>\u00a067 cm<\/td>\n<td>91 cm<\/td>\n<td>113 cm<\/td>\n<\/tr>\n<tr>\n<td width=\"50\"><b>S<\/b><\/td>\n<td>71 cm<\/td>\n<td>95 cm<\/td>\n<td>113 cm<\/td>\n<\/tr>\n<tr>\n<td width=\"50\"><b>M<\/b><\/td>\n<td>75 cm<\/td>\n<td>99 cm<\/td>\n<td>113 cm<\/td>\n<\/tr>\n<tr>\n<td width=\"50\"><b>L<\/b><\/td>\n<td>79 cm<\/td>\n<td>103 cm<\/td>\n<td>113 cm<\/td>\n<\/tr>\n<\/tbody>\n<\/table>\n<p>&nbsp;<\/p>\n<ul>\n<li>granica b\u0142\u0119du +\/- 1cm<\/li>\n<\/ul>\n<p>&nbsp;<\/p>\n<p>&nbsp;<\/p>\n","protected":false},"featured_media":19378,"template":"","meta":{"site-sidebar-layout":"default","site-content-layout":"default","ast-site-content-layout":"default","site-content-style":"default","site-sidebar-style":"default","ast-global-header-display":"","ast-banner-title-visibility":"","ast-main-header-display":"","ast-hfb-above-header-display":"","ast-hfb-below-header-display":"","ast-hfb-mobile-header-display":"","site-post-title":"","ast-breadcrumbs-content":"","ast-featured-img":"","footer-sml-layout":"","theme-transparent-header-meta":"default","adv-header-id-meta":"","stick-header-meta":"","header-above-stick-meta":"","header-main-stick-meta":"","header-below-stick-meta":"","astra-migrate-meta-layouts":"set","ast-page-background-enabled":"default","ast-page-background-meta":{"desktop":{"background-color":"","background-image":"","background-repeat":"repeat","background-position":"center center","background-size":"auto","background-attachment":"scroll","background-type":"","background-media":"","overlay-type":"","overlay-color":"","overlay-opacity":"","overlay-gradient":""},"tablet":{"background-color":"","background-image":"","background-repeat":"repeat","background-position":"center center","background-size":"auto","background-attachment":"scroll","background-type":"","background-media":"","overlay-type":"","overlay-color":"","overlay-opacity":"","overlay-gradient":""},"mobile":{"background-color":"","background-image":"","background-repeat":"repeat","background-position":"center center","background-size":"auto","background-attachment":"scroll","background-type":"","background-media":"","overlay-type":"","overlay-color":"","overlay-opacity":"","overlay-gradient":""}},"ast-content-background-meta":{"desktop":{"background-color":"var(--ast-global-color-5)","background-image":"","background-repeat":"repeat","background-position":"center center","background-size":"auto","background-attachment":"scroll","background-type":"","background-media":"","overlay-type":"","overlay-color":"","overlay-opacity":"","overlay-gradient":""},"tablet":{"background-color":"var(--ast-global-color-5)","background-image":"","background-repeat":"repeat","background-position":"center center","background-size":"auto","background-attachment":"scroll","background-type":"","background-media":"","overlay-type":"","overlay-color":"","overlay-opacity":"","overlay-gradient":""},"mobile":{"background-color":"var(--ast-global-color-5)","background-image":"","background-repeat":"repeat","background-position":"center center","background-size":"auto","background-attachment":"scroll","background-type":"","background-media":"","overlay-type":"","overlay-color":"","overlay-opacity":"","overlay-gradient":""}}},"product_brand":[],"product_cat":[309,96],"product_tag":[],"class_list":{"0":"post-19369","1":"product","2":"type-product","3":"status-publish","4":"has-post-thumbnail","6":"product_cat-nowosci","7":"product_cat-spodnie-i-szorty","8":"desktop-align-left","9":"tablet-align-left","10":"mobile-align-left","12":"first","13":"instock","14":"taxable","15":"shipping-taxable","16":"purchasable","17":"product-type-variable","18":"has-default-attributes"},"yoast_head":"<!-- This site is optimized with the Yoast SEO plugin v25.2 - https:\/\/yoast.com\/wordpress\/plugins\/seo\/ -->\n<title>Lyra Pants Clay - Duende Store<\/title>\n<meta name=\"description\" content=\"D\u0142ugie, rozszerzane spodnie, kt\u00f3re pasuj\u0105 na niemal ka\u017cd\u0105 sylwetk\u0119. Wykonane z tkaniny, b\u0119d\u0105cej mieszank\u0105 tenclu i bawe\u0142ny\" \/>\n<meta name=\"robots\" content=\"index, follow, max-snippet:-1, max-image-preview:large, max-video-preview:-1\" \/>\n<link rel=\"canonical\" href=\"https:\/\/duendestore.com\/produkt\/lyra-pants-clay\/\" \/>\n<meta property=\"og:locale\" content=\"en_US\" \/>\n<meta property=\"og:type\" content=\"article\" \/>\n<meta property=\"og:title\" content=\"Lyra Pants Clay - Duende Store\" \/>\n<meta property=\"og:description\" content=\"D\u0142ugie, rozszerzane spodnie, kt\u00f3re pasuj\u0105 na niemal ka\u017cd\u0105 sylwetk\u0119. Wykonane z tkaniny, b\u0119d\u0105cej mieszank\u0105 tenclu i bawe\u0142ny\" \/>\n<meta property=\"og:url\" content=\"https:\/\/duendestore.com\/produkt\/lyra-pants-clay\/\" \/>\n<meta property=\"og:site_name\" content=\"Duende Store\" \/>\n<meta property=\"article:publisher\" content=\"https:\/\/www.facebook.com\/Duende-Store-101013155906709\" \/>\n<meta property=\"article:modified_time\" content=\"2026-03-24T14:36:25+00:00\" \/>\n<meta property=\"og:image\" content=\"https:\/\/duendestore.com\/wp-content\/uploads\/2025\/12\/8-1-scaled.png\" \/>\n\t<meta property=\"og:image:width\" content=\"1707\" \/>\n\t<meta property=\"og:image:height\" content=\"2560\" \/>\n\t<meta property=\"og:image:type\" content=\"image\/png\" \/>\n<meta name=\"twitter:card\" content=\"summary_large_image\" \/>\n<meta name=\"twitter:label1\" content=\"Est. reading time\" \/>\n\t<meta name=\"twitter:data1\" content=\"1 minute\" \/>\n<script type=\"application\/ld+json\" class=\"yoast-schema-graph\">{\"@context\":\"https:\/\/schema.org\",\"@graph\":[{\"@type\":\"WebPage\",\"@id\":\"https:\/\/duendestore.com\/produkt\/lyra-pants-clay\/\",\"url\":\"https:\/\/duendestore.com\/produkt\/lyra-pants-clay\/\",\"name\":\"Lyra Pants Clay - Duende Store\",\"isPartOf\":{\"@id\":\"https:\/\/duendestore.com\/#website\"},\"primaryImageOfPage\":{\"@id\":\"https:\/\/duendestore.com\/produkt\/lyra-pants-clay\/#primaryimage\"},\"image\":{\"@id\":\"https:\/\/duendestore.com\/produkt\/lyra-pants-clay\/#primaryimage\"},\"thumbnailUrl\":\"https:\/\/duendestore.com\/wp-content\/uploads\/2025\/12\/8-1-scaled.png\",\"datePublished\":\"2025-12-29T07:23:09+00:00\",\"dateModified\":\"2026-03-24T14:36:25+00:00\",\"description\":\"D\u0142ugie, rozszerzane spodnie, kt\u00f3re pasuj\u0105 na niemal ka\u017cd\u0105 sylwetk\u0119. Wykonane z tkaniny, b\u0119d\u0105cej mieszank\u0105 tenclu i bawe\u0142ny\",\"breadcrumb\":{\"@id\":\"https:\/\/duendestore.com\/produkt\/lyra-pants-clay\/#breadcrumb\"},\"inLanguage\":\"en-US\",\"potentialAction\":[{\"@type\":\"ReadAction\",\"target\":[\"https:\/\/duendestore.com\/produkt\/lyra-pants-clay\/\"]}]},{\"@type\":\"ImageObject\",\"inLanguage\":\"en-US\",\"@id\":\"https:\/\/duendestore.com\/produkt\/lyra-pants-clay\/#primaryimage\",\"url\":\"https:\/\/duendestore.com\/wp-content\/uploads\/2025\/12\/8-1-scaled.png\",\"contentUrl\":\"https:\/\/duendestore.com\/wp-content\/uploads\/2025\/12\/8-1-scaled.png\",\"width\":1707,\"height\":2560},{\"@type\":\"BreadcrumbList\",\"@id\":\"https:\/\/duendestore.com\/produkt\/lyra-pants-clay\/#breadcrumb\",\"itemListElement\":[{\"@type\":\"ListItem\",\"position\":1,\"name\":\"Strona g\u0142\u00f3wna\",\"item\":\"https:\/\/duendestore.com\/\"},{\"@type\":\"ListItem\",\"position\":2,\"name\":\"Produkty\",\"item\":\"https:\/\/duendestore.com\/shop\/\"},{\"@type\":\"ListItem\",\"position\":3,\"name\":\"Lyra Pants Clay\"}]},{\"@type\":\"WebSite\",\"@id\":\"https:\/\/duendestore.com\/#website\",\"url\":\"https:\/\/duendestore.com\/\",\"name\":\"Duende Store\",\"description\":\"\",\"publisher\":{\"@id\":\"https:\/\/duendestore.com\/#organization\"},\"potentialAction\":[{\"@type\":\"SearchAction\",\"target\":{\"@type\":\"EntryPoint\",\"urlTemplate\":\"https:\/\/duendestore.com\/?s={search_term_string}\"},\"query-input\":{\"@type\":\"PropertyValueSpecification\",\"valueRequired\":true,\"valueName\":\"search_term_string\"}}],\"inLanguage\":\"en-US\"},{\"@type\":\"Organization\",\"@id\":\"https:\/\/duendestore.com\/#organization\",\"name\":\"Duende\",\"url\":\"https:\/\/duendestore.com\/\",\"logo\":{\"@type\":\"ImageObject\",\"inLanguage\":\"en-US\",\"@id\":\"https:\/\/duendestore.com\/#\/schema\/logo\/image\/\",\"url\":\"https:\/\/duendestore.com\/wp-content\/uploads\/2022\/05\/Raster-13.png\",\"contentUrl\":\"https:\/\/duendestore.com\/wp-content\/uploads\/2022\/05\/Raster-13.png\",\"width\":3000,\"height\":3000,\"caption\":\"Duende\"},\"image\":{\"@id\":\"https:\/\/duendestore.com\/#\/schema\/logo\/image\/\"},\"sameAs\":[\"https:\/\/www.facebook.com\/Duende-Store-101013155906709\"]}]}<\/script>\n<!-- \/ Yoast SEO plugin. -->","yoast_head_json":{"title":"Lyra Pants Clay - Duende Store","description":"D\u0142ugie, rozszerzane spodnie, kt\u00f3re pasuj\u0105 na niemal ka\u017cd\u0105 sylwetk\u0119. Wykonane z tkaniny, b\u0119d\u0105cej mieszank\u0105 tenclu i bawe\u0142ny","robots":{"index":"index","follow":"follow","max-snippet":"max-snippet:-1","max-image-preview":"max-image-preview:large","max-video-preview":"max-video-preview:-1"},"canonical":"https:\/\/duendestore.com\/produkt\/lyra-pants-clay\/","og_locale":"en_US","og_type":"article","og_title":"Lyra Pants Clay - Duende Store","og_description":"D\u0142ugie, rozszerzane spodnie, kt\u00f3re pasuj\u0105 na niemal ka\u017cd\u0105 sylwetk\u0119. Wykonane z tkaniny, b\u0119d\u0105cej mieszank\u0105 tenclu i bawe\u0142ny","og_url":"https:\/\/duendestore.com\/produkt\/lyra-pants-clay\/","og_site_name":"Duende Store","article_publisher":"https:\/\/www.facebook.com\/Duende-Store-101013155906709","article_modified_time":"2026-03-24T14:36:25+00:00","og_image":[{"width":1707,"height":2560,"url":"https:\/\/duendestore.com\/wp-content\/uploads\/2025\/12\/8-1-scaled.png","type":"image\/png"}],"twitter_card":"summary_large_image","twitter_misc":{"Est. reading time":"1 minute"},"schema":{"@context":"https:\/\/schema.org","@graph":[{"@type":"WebPage","@id":"https:\/\/duendestore.com\/produkt\/lyra-pants-clay\/","url":"https:\/\/duendestore.com\/produkt\/lyra-pants-clay\/","name":"Lyra Pants Clay - Duende Store","isPartOf":{"@id":"https:\/\/duendestore.com\/#website"},"primaryImageOfPage":{"@id":"https:\/\/duendestore.com\/produkt\/lyra-pants-clay\/#primaryimage"},"image":{"@id":"https:\/\/duendestore.com\/produkt\/lyra-pants-clay\/#primaryimage"},"thumbnailUrl":"https:\/\/duendestore.com\/wp-content\/uploads\/2025\/12\/8-1-scaled.png","datePublished":"2025-12-29T07:23:09+00:00","dateModified":"2026-03-24T14:36:25+00:00","description":"D\u0142ugie, rozszerzane spodnie, kt\u00f3re pasuj\u0105 na niemal ka\u017cd\u0105 sylwetk\u0119. Wykonane z tkaniny, b\u0119d\u0105cej mieszank\u0105 tenclu i bawe\u0142ny","breadcrumb":{"@id":"https:\/\/duendestore.com\/produkt\/lyra-pants-clay\/#breadcrumb"},"inLanguage":"en-US","potentialAction":[{"@type":"ReadAction","target":["https:\/\/duendestore.com\/produkt\/lyra-pants-clay\/"]}]},{"@type":"ImageObject","inLanguage":"en-US","@id":"https:\/\/duendestore.com\/produkt\/lyra-pants-clay\/#primaryimage","url":"https:\/\/duendestore.com\/wp-content\/uploads\/2025\/12\/8-1-scaled.png","contentUrl":"https:\/\/duendestore.com\/wp-content\/uploads\/2025\/12\/8-1-scaled.png","width":1707,"height":2560},{"@type":"BreadcrumbList","@id":"https:\/\/duendestore.com\/produkt\/lyra-pants-clay\/#breadcrumb","itemListElement":[{"@type":"ListItem","position":1,"name":"Strona g\u0142\u00f3wna","item":"https:\/\/duendestore.com\/"},{"@type":"ListItem","position":2,"name":"Produkty","item":"https:\/\/duendestore.com\/shop\/"},{"@type":"ListItem","position":3,"name":"Lyra Pants Clay"}]},{"@type":"WebSite","@id":"https:\/\/duendestore.com\/#website","url":"https:\/\/duendestore.com\/","name":"Duende Store","description":"","publisher":{"@id":"https:\/\/duendestore.com\/#organization"},"potentialAction":[{"@type":"SearchAction","target":{"@type":"EntryPoint","urlTemplate":"https:\/\/duendestore.com\/?s={search_term_string}"},"query-input":{"@type":"PropertyValueSpecification","valueRequired":true,"valueName":"search_term_string"}}],"inLanguage":"en-US"},{"@type":"Organization","@id":"https:\/\/duendestore.com\/#organization","name":"Duende","url":"https:\/\/duendestore.com\/","logo":{"@type":"ImageObject","inLanguage":"en-US","@id":"https:\/\/duendestore.com\/#\/schema\/logo\/image\/","url":"https:\/\/duendestore.com\/wp-content\/uploads\/2022\/05\/Raster-13.png","contentUrl":"https:\/\/duendestore.com\/wp-content\/uploads\/2022\/05\/Raster-13.png","width":3000,"height":3000,"caption":"Duende"},"image":{"@id":"https:\/\/duendestore.com\/#\/schema\/logo\/image\/"},"sameAs":["https:\/\/www.facebook.com\/Duende-Store-101013155906709"]}]}},"_links":{"self":[{"href":"https:\/\/duendestore.com\/en\/wp-json\/wp\/v2\/product\/19369","targetHints":{"allow":["GET"]}}],"collection":[{"href":"https:\/\/duendestore.com\/en\/wp-json\/wp\/v2\/product"}],"about":[{"href":"https:\/\/duendestore.com\/en\/wp-json\/wp\/v2\/types\/product"}],"wp:featuredmedia":[{"embeddable":true,"href":"https:\/\/duendestore.com\/en\/wp-json\/wp\/v2\/media\/19378"}],"wp:attachment":[{"href":"https:\/\/duendestore.com\/en\/wp-json\/wp\/v2\/media?parent=19369"}],"wp:term":[{"taxonomy":"product_brand","embeddable":true,"href":"https:\/\/duendestore.com\/en\/wp-json\/wp\/v2\/product_brand?post=19369"},{"taxonomy":"product_cat","embeddable":true,"href":"https:\/\/duendestore.com\/en\/wp-json\/wp\/v2\/product_cat?post=19369"},{"taxonomy":"product_tag","embeddable":true,"href":"https:\/\/duendestore.com\/en\/wp-json\/wp\/v2\/product_tag?post=19369"}],"curies":[{"name":"wp","href":"https:\/\/api.w.org\/{rel}","templated":true}]}}