{"id":19348,"date":"2025-12-29T07:54:44","date_gmt":"2025-12-29T06:54:44","guid":{"rendered":"https:\/\/duendestore.com\/?post_type=product&#038;p=19348"},"modified":"2026-03-24T15:36:34","modified_gmt":"2026-03-24T14:36:34","slug":"elara-blouse-taupe","status":"publish","type":"product","link":"https:\/\/duendestore.com\/en\/produkt\/elara-blouse-taupe\/","title":{"rendered":"Elara Blouse Taupe"},"content":{"rendered":"<p>Elegancka, zmys\u0142owa i mi\u0119kko uk\u0142adaj\u0105ca si\u0119 na sylwetce. Ta bluzka z 100% cupro zachwyca opadaj\u0105cym ramieniem i dekoltem w \u0142\u00f3dk\u0119, kt\u00f3re subtelnie ods\u0142aniaj\u0105 lini\u0119 szyi i obojczyk\u00f3w. Delikatne marszczenie z jednej strony nadaje formie nowoczesny, lekko asymetryczny charakter, a ukryty boczny zamek zapewnia idealne dopasowanie. To model, kt\u00f3ry \u0142\u0105czy minimalizm z wyrafinowan\u0105 kobieco\u015bci\u0105 \u2014 idealny na wiecz\u00f3r, stylowe wyj\u015bcia i elegancki casual.<\/p>\n","protected":false},"excerpt":{"rendered":"<table>\n<tbody>\n<tr>\n<td><\/td>\n<td><b>A- Obw\u00f3d Biustu<\/b><\/td>\n<td><b>B- Obw\u00f3d Talii<\/b><\/td>\n<td><b>C- D\u0142ugo\u015b\u0107 Ca\u0142kowita<\/b><\/td>\n<\/tr>\n<tr>\n<td width=\"50\"><b>XS<\/b><\/td>\n<td>88 cm<\/td>\n<td>77 cm<\/td>\n<td>58,5 cm<\/td>\n<\/tr>\n<tr>\n<td width=\"50\"><b>S<\/b><\/td>\n<td>92 cm<\/td>\n<td>81 cm<\/td>\n<td>59,5 cm<\/td>\n<\/tr>\n<tr>\n<td width=\"50\"><b>M<\/b><\/td>\n<td>96 cm<\/td>\n<td>85 cm<\/td>\n<td>60,5 cm<\/td>\n<\/tr>\n<tr>\n<td width=\"50\"><b>L<\/b><\/td>\n<td>100 cm<\/td>\n<td>89 cm<\/td>\n<td>62,5 cm<\/td>\n<\/tr>\n<\/tbody>\n<\/table>\n<p>&nbsp;<\/p>\n<ul>\n<li>granica b\u0142\u0119du +\/- 1cm<\/li>\n<\/ul>\n<p>&nbsp;<\/p>\n<p>&nbsp;<\/p>\n","protected":false},"featured_media":19351,"template":"","meta":{"site-sidebar-layout":"default","site-content-layout":"default","ast-site-content-layout":"default","site-content-style":"default","site-sidebar-style":"default","ast-global-header-display":"","ast-banner-title-visibility":"","ast-main-header-display":"","ast-hfb-above-header-display":"","ast-hfb-below-header-display":"","ast-hfb-mobile-header-display":"","site-post-title":"","ast-breadcrumbs-content":"","ast-featured-img":"","footer-sml-layout":"","theme-transparent-header-meta":"default","adv-header-id-meta":"","stick-header-meta":"","header-above-stick-meta":"","header-main-stick-meta":"","header-below-stick-meta":"","astra-migrate-meta-layouts":"set","ast-page-background-enabled":"default","ast-page-background-meta":{"desktop":{"background-color":"","background-image":"","background-repeat":"repeat","background-position":"center center","background-size":"auto","background-attachment":"scroll","background-type":"","background-media":"","overlay-type":"","overlay-color":"","overlay-opacity":"","overlay-gradient":""},"tablet":{"background-color":"","background-image":"","background-repeat":"repeat","background-position":"center center","background-size":"auto","background-attachment":"scroll","background-type":"","background-media":"","overlay-type":"","overlay-color":"","overlay-opacity":"","overlay-gradient":""},"mobile":{"background-color":"","background-image":"","background-repeat":"repeat","background-position":"center center","background-size":"auto","background-attachment":"scroll","background-type":"","background-media":"","overlay-type":"","overlay-color":"","overlay-opacity":"","overlay-gradient":""}},"ast-content-background-meta":{"desktop":{"background-color":"var(--ast-global-color-5)","background-image":"","background-repeat":"repeat","background-position":"center center","background-size":"auto","background-attachment":"scroll","background-type":"","background-media":"","overlay-type":"","overlay-color":"","overlay-opacity":"","overlay-gradient":""},"tablet":{"background-color":"var(--ast-global-color-5)","background-image":"","background-repeat":"repeat","background-position":"center center","background-size":"auto","background-attachment":"scroll","background-type":"","background-media":"","overlay-type":"","overlay-color":"","overlay-opacity":"","overlay-gradient":""},"mobile":{"background-color":"var(--ast-global-color-5)","background-image":"","background-repeat":"repeat","background-position":"center center","background-size":"auto","background-attachment":"scroll","background-type":"","background-media":"","overlay-type":"","overlay-color":"","overlay-opacity":"","overlay-gradient":""}}},"product_brand":[],"product_cat":[97,309,299],"product_tag":[],"class_list":{"0":"post-19348","1":"product","2":"type-product","3":"status-publish","4":"has-post-thumbnail","6":"product_cat-bluzki","7":"product_cat-nowosci","8":"product_cat-ss24","9":"desktop-align-left","10":"tablet-align-left","11":"mobile-align-left","13":"first","14":"instock","15":"taxable","16":"shipping-taxable","17":"purchasable","18":"product-type-variable"},"yoast_head":"<!-- This site is optimized with the Yoast SEO plugin v25.2 - https:\/\/yoast.com\/wordpress\/plugins\/seo\/ -->\n<title>Elara Blouse Taupe - Duende Store<\/title>\n<meta name=\"description\" content=\"Eara to bluzka z 100% cupro zachwyca opadaj\u0105cym ramieniem i dekoltem w \u0142\u00f3dk\u0119, kt\u00f3ra subtelnie ods\u0142aniaj\u0105 lini\u0119 szyi i obojczyk\u00f3w. To model, kt\u00f3ry \u0142\u0105czy minimalizm z wyrafinowan\u0105 kobieco\u015bci\u0105 \u2014 idealny na wiecz\u00f3r, stylowe wyj\u015bcia i elegancki casual\" \/>\n<meta name=\"robots\" content=\"index, follow, max-snippet:-1, max-image-preview:large, max-video-preview:-1\" \/>\n<link rel=\"canonical\" href=\"https:\/\/duendestore.com\/produkt\/elara-blouse-taupe\/\" \/>\n<meta property=\"og:locale\" content=\"en_US\" \/>\n<meta property=\"og:type\" content=\"article\" \/>\n<meta property=\"og:title\" content=\"Elara Blouse Taupe - Duende Store\" \/>\n<meta property=\"og:description\" content=\"Eara to bluzka z 100% cupro zachwyca opadaj\u0105cym ramieniem i dekoltem w \u0142\u00f3dk\u0119, kt\u00f3ra subtelnie ods\u0142aniaj\u0105 lini\u0119 szyi i obojczyk\u00f3w. To model, kt\u00f3ry \u0142\u0105czy minimalizm z wyrafinowan\u0105 kobieco\u015bci\u0105 \u2014 idealny na wiecz\u00f3r, stylowe wyj\u015bcia i elegancki casual\" \/>\n<meta property=\"og:url\" content=\"https:\/\/duendestore.com\/produkt\/elara-blouse-taupe\/\" \/>\n<meta property=\"og:site_name\" content=\"Duende Store\" \/>\n<meta property=\"article:publisher\" content=\"https:\/\/www.facebook.com\/Duende-Store-101013155906709\" \/>\n<meta property=\"article:modified_time\" content=\"2026-03-24T14:36:34+00:00\" \/>\n<meta property=\"og:image\" content=\"https:\/\/duendestore.com\/wp-content\/uploads\/2025\/12\/34-683x1024.png\" \/>\n\t<meta property=\"og:image:width\" content=\"683\" \/>\n\t<meta property=\"og:image:height\" content=\"1024\" \/>\n\t<meta property=\"og:image:type\" content=\"image\/png\" \/>\n<meta name=\"twitter:card\" content=\"summary_large_image\" \/>\n<meta name=\"twitter:label1\" content=\"Est. reading time\" \/>\n\t<meta name=\"twitter:data1\" content=\"1 minute\" \/>\n<script type=\"application\/ld+json\" class=\"yoast-schema-graph\">{\"@context\":\"https:\/\/schema.org\",\"@graph\":[{\"@type\":\"WebPage\",\"@id\":\"https:\/\/duendestore.com\/produkt\/elara-blouse-taupe\/\",\"url\":\"https:\/\/duendestore.com\/produkt\/elara-blouse-taupe\/\",\"name\":\"Elara Blouse Taupe - Duende Store\",\"isPartOf\":{\"@id\":\"https:\/\/duendestore.com\/#website\"},\"primaryImageOfPage\":{\"@id\":\"https:\/\/duendestore.com\/produkt\/elara-blouse-taupe\/#primaryimage\"},\"image\":{\"@id\":\"https:\/\/duendestore.com\/produkt\/elara-blouse-taupe\/#primaryimage\"},\"thumbnailUrl\":\"https:\/\/duendestore.com\/wp-content\/uploads\/2025\/12\/34-scaled.png\",\"datePublished\":\"2025-12-29T06:54:44+00:00\",\"dateModified\":\"2026-03-24T14:36:34+00:00\",\"description\":\"Eara to bluzka z 100% cupro zachwyca opadaj\u0105cym ramieniem i dekoltem w \u0142\u00f3dk\u0119, kt\u00f3ra subtelnie ods\u0142aniaj\u0105 lini\u0119 szyi i obojczyk\u00f3w. To model, kt\u00f3ry \u0142\u0105czy minimalizm z wyrafinowan\u0105 kobieco\u015bci\u0105 \u2014 idealny na wiecz\u00f3r, stylowe wyj\u015bcia i elegancki casual\",\"breadcrumb\":{\"@id\":\"https:\/\/duendestore.com\/produkt\/elara-blouse-taupe\/#breadcrumb\"},\"inLanguage\":\"en-US\",\"potentialAction\":[{\"@type\":\"ReadAction\",\"target\":[\"https:\/\/duendestore.com\/produkt\/elara-blouse-taupe\/\"]}]},{\"@type\":\"ImageObject\",\"inLanguage\":\"en-US\",\"@id\":\"https:\/\/duendestore.com\/produkt\/elara-blouse-taupe\/#primaryimage\",\"url\":\"https:\/\/duendestore.com\/wp-content\/uploads\/2025\/12\/34-scaled.png\",\"contentUrl\":\"https:\/\/duendestore.com\/wp-content\/uploads\/2025\/12\/34-scaled.png\",\"width\":1707,\"height\":2560},{\"@type\":\"BreadcrumbList\",\"@id\":\"https:\/\/duendestore.com\/produkt\/elara-blouse-taupe\/#breadcrumb\",\"itemListElement\":[{\"@type\":\"ListItem\",\"position\":1,\"name\":\"Strona g\u0142\u00f3wna\",\"item\":\"https:\/\/duendestore.com\/\"},{\"@type\":\"ListItem\",\"position\":2,\"name\":\"Produkty\",\"item\":\"https:\/\/duendestore.com\/shop\/\"},{\"@type\":\"ListItem\",\"position\":3,\"name\":\"Elara Blouse Taupe\"}]},{\"@type\":\"WebSite\",\"@id\":\"https:\/\/duendestore.com\/#website\",\"url\":\"https:\/\/duendestore.com\/\",\"name\":\"Duende Store\",\"description\":\"\",\"publisher\":{\"@id\":\"https:\/\/duendestore.com\/#organization\"},\"potentialAction\":[{\"@type\":\"SearchAction\",\"target\":{\"@type\":\"EntryPoint\",\"urlTemplate\":\"https:\/\/duendestore.com\/?s={search_term_string}\"},\"query-input\":{\"@type\":\"PropertyValueSpecification\",\"valueRequired\":true,\"valueName\":\"search_term_string\"}}],\"inLanguage\":\"en-US\"},{\"@type\":\"Organization\",\"@id\":\"https:\/\/duendestore.com\/#organization\",\"name\":\"Duende\",\"url\":\"https:\/\/duendestore.com\/\",\"logo\":{\"@type\":\"ImageObject\",\"inLanguage\":\"en-US\",\"@id\":\"https:\/\/duendestore.com\/#\/schema\/logo\/image\/\",\"url\":\"https:\/\/duendestore.com\/wp-content\/uploads\/2022\/05\/Raster-13.png\",\"contentUrl\":\"https:\/\/duendestore.com\/wp-content\/uploads\/2022\/05\/Raster-13.png\",\"width\":3000,\"height\":3000,\"caption\":\"Duende\"},\"image\":{\"@id\":\"https:\/\/duendestore.com\/#\/schema\/logo\/image\/\"},\"sameAs\":[\"https:\/\/www.facebook.com\/Duende-Store-101013155906709\"]}]}<\/script>\n<!-- \/ Yoast SEO plugin. -->","yoast_head_json":{"title":"Elara Blouse Taupe - Duende Store","description":"Eara to bluzka z 100% cupro zachwyca opadaj\u0105cym ramieniem i dekoltem w \u0142\u00f3dk\u0119, kt\u00f3ra subtelnie ods\u0142aniaj\u0105 lini\u0119 szyi i obojczyk\u00f3w. To model, kt\u00f3ry \u0142\u0105czy minimalizm z wyrafinowan\u0105 kobieco\u015bci\u0105 \u2014 idealny na wiecz\u00f3r, stylowe wyj\u015bcia i elegancki casual","robots":{"index":"index","follow":"follow","max-snippet":"max-snippet:-1","max-image-preview":"max-image-preview:large","max-video-preview":"max-video-preview:-1"},"canonical":"https:\/\/duendestore.com\/produkt\/elara-blouse-taupe\/","og_locale":"en_US","og_type":"article","og_title":"Elara Blouse Taupe - Duende Store","og_description":"Eara to bluzka z 100% cupro zachwyca opadaj\u0105cym ramieniem i dekoltem w \u0142\u00f3dk\u0119, kt\u00f3ra subtelnie ods\u0142aniaj\u0105 lini\u0119 szyi i obojczyk\u00f3w. To model, kt\u00f3ry \u0142\u0105czy minimalizm z wyrafinowan\u0105 kobieco\u015bci\u0105 \u2014 idealny na wiecz\u00f3r, stylowe wyj\u015bcia i elegancki casual","og_url":"https:\/\/duendestore.com\/produkt\/elara-blouse-taupe\/","og_site_name":"Duende Store","article_publisher":"https:\/\/www.facebook.com\/Duende-Store-101013155906709","article_modified_time":"2026-03-24T14:36:34+00:00","og_image":[{"width":683,"height":1024,"url":"https:\/\/duendestore.com\/wp-content\/uploads\/2025\/12\/34-683x1024.png","type":"image\/png"}],"twitter_card":"summary_large_image","twitter_misc":{"Est. reading time":"1 minute"},"schema":{"@context":"https:\/\/schema.org","@graph":[{"@type":"WebPage","@id":"https:\/\/duendestore.com\/produkt\/elara-blouse-taupe\/","url":"https:\/\/duendestore.com\/produkt\/elara-blouse-taupe\/","name":"Elara Blouse Taupe - Duende Store","isPartOf":{"@id":"https:\/\/duendestore.com\/#website"},"primaryImageOfPage":{"@id":"https:\/\/duendestore.com\/produkt\/elara-blouse-taupe\/#primaryimage"},"image":{"@id":"https:\/\/duendestore.com\/produkt\/elara-blouse-taupe\/#primaryimage"},"thumbnailUrl":"https:\/\/duendestore.com\/wp-content\/uploads\/2025\/12\/34-scaled.png","datePublished":"2025-12-29T06:54:44+00:00","dateModified":"2026-03-24T14:36:34+00:00","description":"Eara to bluzka z 100% cupro zachwyca opadaj\u0105cym ramieniem i dekoltem w \u0142\u00f3dk\u0119, kt\u00f3ra subtelnie ods\u0142aniaj\u0105 lini\u0119 szyi i obojczyk\u00f3w. To model, kt\u00f3ry \u0142\u0105czy minimalizm z wyrafinowan\u0105 kobieco\u015bci\u0105 \u2014 idealny na wiecz\u00f3r, stylowe wyj\u015bcia i elegancki casual","breadcrumb":{"@id":"https:\/\/duendestore.com\/produkt\/elara-blouse-taupe\/#breadcrumb"},"inLanguage":"en-US","potentialAction":[{"@type":"ReadAction","target":["https:\/\/duendestore.com\/produkt\/elara-blouse-taupe\/"]}]},{"@type":"ImageObject","inLanguage":"en-US","@id":"https:\/\/duendestore.com\/produkt\/elara-blouse-taupe\/#primaryimage","url":"https:\/\/duendestore.com\/wp-content\/uploads\/2025\/12\/34-scaled.png","contentUrl":"https:\/\/duendestore.com\/wp-content\/uploads\/2025\/12\/34-scaled.png","width":1707,"height":2560},{"@type":"BreadcrumbList","@id":"https:\/\/duendestore.com\/produkt\/elara-blouse-taupe\/#breadcrumb","itemListElement":[{"@type":"ListItem","position":1,"name":"Strona g\u0142\u00f3wna","item":"https:\/\/duendestore.com\/"},{"@type":"ListItem","position":2,"name":"Produkty","item":"https:\/\/duendestore.com\/shop\/"},{"@type":"ListItem","position":3,"name":"Elara Blouse Taupe"}]},{"@type":"WebSite","@id":"https:\/\/duendestore.com\/#website","url":"https:\/\/duendestore.com\/","name":"Duende Store","description":"","publisher":{"@id":"https:\/\/duendestore.com\/#organization"},"potentialAction":[{"@type":"SearchAction","target":{"@type":"EntryPoint","urlTemplate":"https:\/\/duendestore.com\/?s={search_term_string}"},"query-input":{"@type":"PropertyValueSpecification","valueRequired":true,"valueName":"search_term_string"}}],"inLanguage":"en-US"},{"@type":"Organization","@id":"https:\/\/duendestore.com\/#organization","name":"Duende","url":"https:\/\/duendestore.com\/","logo":{"@type":"ImageObject","inLanguage":"en-US","@id":"https:\/\/duendestore.com\/#\/schema\/logo\/image\/","url":"https:\/\/duendestore.com\/wp-content\/uploads\/2022\/05\/Raster-13.png","contentUrl":"https:\/\/duendestore.com\/wp-content\/uploads\/2022\/05\/Raster-13.png","width":3000,"height":3000,"caption":"Duende"},"image":{"@id":"https:\/\/duendestore.com\/#\/schema\/logo\/image\/"},"sameAs":["https:\/\/www.facebook.com\/Duende-Store-101013155906709"]}]}},"_links":{"self":[{"href":"https:\/\/duendestore.com\/en\/wp-json\/wp\/v2\/product\/19348","targetHints":{"allow":["GET"]}}],"collection":[{"href":"https:\/\/duendestore.com\/en\/wp-json\/wp\/v2\/product"}],"about":[{"href":"https:\/\/duendestore.com\/en\/wp-json\/wp\/v2\/types\/product"}],"wp:featuredmedia":[{"embeddable":true,"href":"https:\/\/duendestore.com\/en\/wp-json\/wp\/v2\/media\/19351"}],"wp:attachment":[{"href":"https:\/\/duendestore.com\/en\/wp-json\/wp\/v2\/media?parent=19348"}],"wp:term":[{"taxonomy":"product_brand","embeddable":true,"href":"https:\/\/duendestore.com\/en\/wp-json\/wp\/v2\/product_brand?post=19348"},{"taxonomy":"product_cat","embeddable":true,"href":"https:\/\/duendestore.com\/en\/wp-json\/wp\/v2\/product_cat?post=19348"},{"taxonomy":"product_tag","embeddable":true,"href":"https:\/\/duendestore.com\/en\/wp-json\/wp\/v2\/product_tag?post=19348"}],"curies":[{"name":"wp","href":"https:\/\/api.w.org\/{rel}","templated":true}]}}