{"id":16369,"date":"2024-04-09T00:01:57","date_gmt":"2024-04-08T22:01:57","guid":{"rendered":"https:\/\/duendestore.com\/?post_type=product&#038;p=16369"},"modified":"2024-05-02T11:37:39","modified_gmt":"2024-05-02T09:37:39","slug":"pre-order-june-pants-black-kopia","status":"publish","type":"product","link":"https:\/\/duendestore.com\/en\/produkt\/pre-order-june-pants-black-kopia\/","title":{"rendered":"June Pants Off White"},"content":{"rendered":"<p>Spodnie June \u0142\u0105cz\u0105 w sobie funcjonalno\u015b\u0107 oraz estetyk\u0119. Z ty\u0142u wyko\u0144czone s\u0105 gumk\u0105, co zapewnia swobod\u0119 ruch\u00f3w. Na przodzie maj\u0105 dwie eleganckie zak\u0142adki. Wykonane z bardzo delikatnej i mi\u0142ej w dotyku wiskozy. Sprawdz\u0105 si\u0119 zarowno podczas eleganckiego spotkania, jak i wyj\u015bcia z przyjaci\u00f3lkami. \u015awietna baza do wszystkich stylizacji- nie tylko na lato!<\/p>\n","protected":false},"excerpt":{"rendered":"<table>\n<tbody>\n<tr>\n<td><\/td>\n<td><b>A- Waist Circuit<\/b><\/td>\n<td><b>B- Hip Circuit<\/b><\/td>\n<td><b>C- Total length<\/b><\/td>\n<\/tr>\n<tr>\n<td width=\"50\"><b>XS<\/b><\/td>\n<td>\u00a067,5 cm<\/td>\n<td>119,5 cm<\/td>\n<td>109 cm<\/td>\n<\/tr>\n<tr>\n<td width=\"50\"><b>S<\/b><\/td>\n<td>71,5 cm<\/td>\n<td>123,5 cm<\/td>\n<td>109 cm<\/td>\n<\/tr>\n<tr>\n<td width=\"50\"><b>M<\/b><\/td>\n<td>75,5 cm<\/td>\n<td>127,5 cm<\/td>\n<td>109 cm<\/td>\n<\/tr>\n<tr>\n<td width=\"50\"><b>L<\/b><\/td>\n<td>81,5 cm<\/td>\n<td>133,5 cm<\/td>\n<td>109 cm<\/td>\n<\/tr>\n<\/tbody>\n<\/table>\n<p>&nbsp;<\/p>\n<ul>\n<li>error limit +\/- 1cm<\/li>\n<\/ul>\n<p>&nbsp;<\/p>\n<p>&nbsp;<\/p>\n","protected":false},"featured_media":16235,"template":"","meta":{"site-sidebar-layout":"default","site-content-layout":"default","ast-site-content-layout":"default","site-content-style":"default","site-sidebar-style":"default","ast-global-header-display":"","ast-banner-title-visibility":"","ast-main-header-display":"","ast-hfb-above-header-display":"","ast-hfb-below-header-display":"","ast-hfb-mobile-header-display":"","site-post-title":"","ast-breadcrumbs-content":"","ast-featured-img":"","footer-sml-layout":"","theme-transparent-header-meta":"default","adv-header-id-meta":"","stick-header-meta":"","header-above-stick-meta":"","header-main-stick-meta":"","header-below-stick-meta":"","astra-migrate-meta-layouts":"default","ast-page-background-enabled":"default","ast-page-background-meta":{"desktop":{"background-color":"","background-image":"","background-repeat":"repeat","background-position":"center center","background-size":"auto","background-attachment":"scroll","background-type":"","background-media":"","overlay-type":"","overlay-color":"","overlay-opacity":"","overlay-gradient":""},"tablet":{"background-color":"","background-image":"","background-repeat":"repeat","background-position":"center center","background-size":"auto","background-attachment":"scroll","background-type":"","background-media":"","overlay-type":"","overlay-color":"","overlay-opacity":"","overlay-gradient":""},"mobile":{"background-color":"","background-image":"","background-repeat":"repeat","background-position":"center center","background-size":"auto","background-attachment":"scroll","background-type":"","background-media":"","overlay-type":"","overlay-color":"","overlay-opacity":"","overlay-gradient":""}},"ast-content-background-meta":{"desktop":{"background-color":"var(--ast-global-color-5)","background-image":"","background-repeat":"repeat","background-position":"center center","background-size":"auto","background-attachment":"scroll","background-type":"","background-media":"","overlay-type":"","overlay-color":"","overlay-opacity":"","overlay-gradient":""},"tablet":{"background-color":"var(--ast-global-color-5)","background-image":"","background-repeat":"repeat","background-position":"center center","background-size":"auto","background-attachment":"scroll","background-type":"","background-media":"","overlay-type":"","overlay-color":"","overlay-opacity":"","overlay-gradient":""},"mobile":{"background-color":"var(--ast-global-color-5)","background-image":"","background-repeat":"repeat","background-position":"center center","background-size":"auto","background-attachment":"scroll","background-type":"","background-media":"","overlay-type":"","overlay-color":"","overlay-opacity":"","overlay-gradient":""}}},"product_brand":[],"product_cat":[298,138,300],"product_tag":[],"class_list":{"0":"post-16369","1":"product","2":"type-product","3":"status-publish","4":"has-post-thumbnail","6":"product_cat-archive-sale-en","7":"product_cat-pants","8":"product_cat-ss24-en","9":"desktop-align-left","10":"tablet-align-left","11":"mobile-align-left","13":"first","14":"outofstock","15":"taxable","16":"shipping-taxable","17":"purchasable","18":"product-type-variable","19":"has-default-attributes"},"yoast_head":"<!-- This site is optimized with the Yoast SEO plugin v25.2 - https:\/\/yoast.com\/wordpress\/plugins\/seo\/ -->\n<title>June Pants Off White - Duende Store<\/title>\n<meta name=\"description\" content=\"The June pants combine functionality with aesthetics. Finished with an elastic band at the back, they ensure freedom of movement. At the front, they feature two elegant pleats. Made from very delicate and pleasant-to-the-touch viscose, they are suitable for both formal meetings and outings with friends. A great base for all outfits - not just for summer!\" \/>\n<meta name=\"robots\" content=\"index, follow, max-snippet:-1, max-image-preview:large, max-video-preview:-1\" \/>\n<link rel=\"canonical\" href=\"https:\/\/duendestore.com\/en\/produkt\/pre-order-june-pants-black-kopia\/\" \/>\n<meta property=\"og:locale\" content=\"en_US\" \/>\n<meta property=\"og:type\" content=\"article\" \/>\n<meta property=\"og:title\" content=\"June Pants Off White - Duende Store\" \/>\n<meta property=\"og:description\" content=\"The June pants combine functionality with aesthetics. Finished with an elastic band at the back, they ensure freedom of movement. At the front, they feature two elegant pleats. Made from very delicate and pleasant-to-the-touch viscose, they are suitable for both formal meetings and outings with friends. A great base for all outfits - not just for summer!\" \/>\n<meta property=\"og:url\" content=\"https:\/\/duendestore.com\/en\/produkt\/pre-order-june-pants-black-kopia\/\" \/>\n<meta property=\"og:site_name\" content=\"Duende Store\" \/>\n<meta property=\"article:publisher\" content=\"https:\/\/www.facebook.com\/Duende-Store-101013155906709\" \/>\n<meta property=\"article:modified_time\" content=\"2024-05-02T09:37:39+00:00\" \/>\n<meta property=\"og:image\" content=\"https:\/\/duendestore.com\/wp-content\/uploads\/2024\/04\/4.jpg\" \/>\n\t<meta property=\"og:image:width\" content=\"1072\" \/>\n\t<meta property=\"og:image:height\" content=\"1500\" \/>\n\t<meta property=\"og:image:type\" content=\"image\/jpeg\" \/>\n<meta name=\"twitter:card\" content=\"summary_large_image\" \/>\n<script type=\"application\/ld+json\" class=\"yoast-schema-graph\">{\"@context\":\"https:\/\/schema.org\",\"@graph\":[{\"@type\":\"WebPage\",\"@id\":\"https:\/\/duendestore.com\/en\/produkt\/pre-order-june-pants-black-kopia\/\",\"url\":\"https:\/\/duendestore.com\/en\/produkt\/pre-order-june-pants-black-kopia\/\",\"name\":\"June Pants Off White - Duende Store\",\"isPartOf\":{\"@id\":\"https:\/\/duendestore.com\/#website\"},\"primaryImageOfPage\":{\"@id\":\"https:\/\/duendestore.com\/en\/produkt\/pre-order-june-pants-black-kopia\/#primaryimage\"},\"image\":{\"@id\":\"https:\/\/duendestore.com\/en\/produkt\/pre-order-june-pants-black-kopia\/#primaryimage\"},\"thumbnailUrl\":\"https:\/\/duendestore.com\/wp-content\/uploads\/2024\/04\/4.jpg\",\"datePublished\":\"2024-04-08T22:01:57+00:00\",\"dateModified\":\"2024-05-02T09:37:39+00:00\",\"description\":\"The June pants combine functionality with aesthetics. Finished with an elastic band at the back, they ensure freedom of movement. At the front, they feature two elegant pleats. Made from very delicate and pleasant-to-the-touch viscose, they are suitable for both formal meetings and outings with friends. A great base for all outfits - not just for summer!\",\"breadcrumb\":{\"@id\":\"https:\/\/duendestore.com\/en\/produkt\/pre-order-june-pants-black-kopia\/#breadcrumb\"},\"inLanguage\":\"en-US\",\"potentialAction\":[{\"@type\":\"ReadAction\",\"target\":[\"https:\/\/duendestore.com\/en\/produkt\/pre-order-june-pants-black-kopia\/\"]}]},{\"@type\":\"ImageObject\",\"inLanguage\":\"en-US\",\"@id\":\"https:\/\/duendestore.com\/en\/produkt\/pre-order-june-pants-black-kopia\/#primaryimage\",\"url\":\"https:\/\/duendestore.com\/wp-content\/uploads\/2024\/04\/4.jpg\",\"contentUrl\":\"https:\/\/duendestore.com\/wp-content\/uploads\/2024\/04\/4.jpg\",\"width\":1072,\"height\":1500},{\"@type\":\"BreadcrumbList\",\"@id\":\"https:\/\/duendestore.com\/en\/produkt\/pre-order-june-pants-black-kopia\/#breadcrumb\",\"itemListElement\":[{\"@type\":\"ListItem\",\"position\":1,\"name\":\"Strona g\u0142\u00f3wna\",\"item\":\"https:\/\/duendestore.com\/\"},{\"@type\":\"ListItem\",\"position\":2,\"name\":\"Produkty\",\"item\":\"https:\/\/duendestore.com\/shop\/\"},{\"@type\":\"ListItem\",\"position\":3,\"name\":\"June Pants Off White\"}]},{\"@type\":\"WebSite\",\"@id\":\"https:\/\/duendestore.com\/#website\",\"url\":\"https:\/\/duendestore.com\/\",\"name\":\"Duende Store\",\"description\":\"\",\"publisher\":{\"@id\":\"https:\/\/duendestore.com\/#organization\"},\"potentialAction\":[{\"@type\":\"SearchAction\",\"target\":{\"@type\":\"EntryPoint\",\"urlTemplate\":\"https:\/\/duendestore.com\/?s={search_term_string}\"},\"query-input\":{\"@type\":\"PropertyValueSpecification\",\"valueRequired\":true,\"valueName\":\"search_term_string\"}}],\"inLanguage\":\"en-US\"},{\"@type\":\"Organization\",\"@id\":\"https:\/\/duendestore.com\/#organization\",\"name\":\"Duende\",\"url\":\"https:\/\/duendestore.com\/\",\"logo\":{\"@type\":\"ImageObject\",\"inLanguage\":\"en-US\",\"@id\":\"https:\/\/duendestore.com\/#\/schema\/logo\/image\/\",\"url\":\"https:\/\/duendestore.com\/wp-content\/uploads\/2022\/05\/Raster-13.png\",\"contentUrl\":\"https:\/\/duendestore.com\/wp-content\/uploads\/2022\/05\/Raster-13.png\",\"width\":3000,\"height\":3000,\"caption\":\"Duende\"},\"image\":{\"@id\":\"https:\/\/duendestore.com\/#\/schema\/logo\/image\/\"},\"sameAs\":[\"https:\/\/www.facebook.com\/Duende-Store-101013155906709\"]}]}<\/script>\n<!-- \/ Yoast SEO plugin. -->","yoast_head_json":{"title":"June Pants Off White - Duende Store","description":"The June pants combine functionality with aesthetics. Finished with an elastic band at the back, they ensure freedom of movement. At the front, they feature two elegant pleats. Made from very delicate and pleasant-to-the-touch viscose, they are suitable for both formal meetings and outings with friends. A great base for all outfits - not just for summer!","robots":{"index":"index","follow":"follow","max-snippet":"max-snippet:-1","max-image-preview":"max-image-preview:large","max-video-preview":"max-video-preview:-1"},"canonical":"https:\/\/duendestore.com\/en\/produkt\/pre-order-june-pants-black-kopia\/","og_locale":"en_US","og_type":"article","og_title":"June Pants Off White - Duende Store","og_description":"The June pants combine functionality with aesthetics. Finished with an elastic band at the back, they ensure freedom of movement. At the front, they feature two elegant pleats. Made from very delicate and pleasant-to-the-touch viscose, they are suitable for both formal meetings and outings with friends. A great base for all outfits - not just for summer!","og_url":"https:\/\/duendestore.com\/en\/produkt\/pre-order-june-pants-black-kopia\/","og_site_name":"Duende Store","article_publisher":"https:\/\/www.facebook.com\/Duende-Store-101013155906709","article_modified_time":"2024-05-02T09:37:39+00:00","og_image":[{"width":1072,"height":1500,"url":"https:\/\/duendestore.com\/wp-content\/uploads\/2024\/04\/4.jpg","type":"image\/jpeg"}],"twitter_card":"summary_large_image","schema":{"@context":"https:\/\/schema.org","@graph":[{"@type":"WebPage","@id":"https:\/\/duendestore.com\/en\/produkt\/pre-order-june-pants-black-kopia\/","url":"https:\/\/duendestore.com\/en\/produkt\/pre-order-june-pants-black-kopia\/","name":"June Pants Off White - Duende Store","isPartOf":{"@id":"https:\/\/duendestore.com\/#website"},"primaryImageOfPage":{"@id":"https:\/\/duendestore.com\/en\/produkt\/pre-order-june-pants-black-kopia\/#primaryimage"},"image":{"@id":"https:\/\/duendestore.com\/en\/produkt\/pre-order-june-pants-black-kopia\/#primaryimage"},"thumbnailUrl":"https:\/\/duendestore.com\/wp-content\/uploads\/2024\/04\/4.jpg","datePublished":"2024-04-08T22:01:57+00:00","dateModified":"2024-05-02T09:37:39+00:00","description":"The June pants combine functionality with aesthetics. Finished with an elastic band at the back, they ensure freedom of movement. At the front, they feature two elegant pleats. Made from very delicate and pleasant-to-the-touch viscose, they are suitable for both formal meetings and outings with friends. A great base for all outfits - not just for summer!","breadcrumb":{"@id":"https:\/\/duendestore.com\/en\/produkt\/pre-order-june-pants-black-kopia\/#breadcrumb"},"inLanguage":"en-US","potentialAction":[{"@type":"ReadAction","target":["https:\/\/duendestore.com\/en\/produkt\/pre-order-june-pants-black-kopia\/"]}]},{"@type":"ImageObject","inLanguage":"en-US","@id":"https:\/\/duendestore.com\/en\/produkt\/pre-order-june-pants-black-kopia\/#primaryimage","url":"https:\/\/duendestore.com\/wp-content\/uploads\/2024\/04\/4.jpg","contentUrl":"https:\/\/duendestore.com\/wp-content\/uploads\/2024\/04\/4.jpg","width":1072,"height":1500},{"@type":"BreadcrumbList","@id":"https:\/\/duendestore.com\/en\/produkt\/pre-order-june-pants-black-kopia\/#breadcrumb","itemListElement":[{"@type":"ListItem","position":1,"name":"Strona g\u0142\u00f3wna","item":"https:\/\/duendestore.com\/"},{"@type":"ListItem","position":2,"name":"Produkty","item":"https:\/\/duendestore.com\/shop\/"},{"@type":"ListItem","position":3,"name":"June Pants Off White"}]},{"@type":"WebSite","@id":"https:\/\/duendestore.com\/#website","url":"https:\/\/duendestore.com\/","name":"Duende Store","description":"","publisher":{"@id":"https:\/\/duendestore.com\/#organization"},"potentialAction":[{"@type":"SearchAction","target":{"@type":"EntryPoint","urlTemplate":"https:\/\/duendestore.com\/?s={search_term_string}"},"query-input":{"@type":"PropertyValueSpecification","valueRequired":true,"valueName":"search_term_string"}}],"inLanguage":"en-US"},{"@type":"Organization","@id":"https:\/\/duendestore.com\/#organization","name":"Duende","url":"https:\/\/duendestore.com\/","logo":{"@type":"ImageObject","inLanguage":"en-US","@id":"https:\/\/duendestore.com\/#\/schema\/logo\/image\/","url":"https:\/\/duendestore.com\/wp-content\/uploads\/2022\/05\/Raster-13.png","contentUrl":"https:\/\/duendestore.com\/wp-content\/uploads\/2022\/05\/Raster-13.png","width":3000,"height":3000,"caption":"Duende"},"image":{"@id":"https:\/\/duendestore.com\/#\/schema\/logo\/image\/"},"sameAs":["https:\/\/www.facebook.com\/Duende-Store-101013155906709"]}]}},"_links":{"self":[{"href":"https:\/\/duendestore.com\/en\/wp-json\/wp\/v2\/product\/16369","targetHints":{"allow":["GET"]}}],"collection":[{"href":"https:\/\/duendestore.com\/en\/wp-json\/wp\/v2\/product"}],"about":[{"href":"https:\/\/duendestore.com\/en\/wp-json\/wp\/v2\/types\/product"}],"wp:featuredmedia":[{"embeddable":true,"href":"https:\/\/duendestore.com\/en\/wp-json\/wp\/v2\/media\/16235"}],"wp:attachment":[{"href":"https:\/\/duendestore.com\/en\/wp-json\/wp\/v2\/media?parent=16369"}],"wp:term":[{"taxonomy":"product_brand","embeddable":true,"href":"https:\/\/duendestore.com\/en\/wp-json\/wp\/v2\/product_brand?post=16369"},{"taxonomy":"product_cat","embeddable":true,"href":"https:\/\/duendestore.com\/en\/wp-json\/wp\/v2\/product_cat?post=16369"},{"taxonomy":"product_tag","embeddable":true,"href":"https:\/\/duendestore.com\/en\/wp-json\/wp\/v2\/product_tag?post=16369"}],"curies":[{"name":"wp","href":"https:\/\/api.w.org\/{rel}","templated":true}]}}